{"id":8,"date":"2022-11-29T21:09:49","date_gmt":"2022-11-29T20:09:49","guid":{"rendered":"https:\/\/www.cofabric.at\/?page_id=8"},"modified":"2023-01-05T13:23:35","modified_gmt":"2023-01-05T12:23:35","slug":"startseite","status":"publish","type":"page","link":"https:\/\/www.cofabric.at\/","title":{"rendered":"Startseite"},"content":{"rendered":"\t\t<div data-elementor-type=\"wp-post\" data-elementor-id=\"8\" class=\"elementor elementor-8\" data-elementor-post-type=\"page\">\n\t\t\t\t\t\t\t<div class=\"elementor-element elementor-element-080ec06 e-con-full e-flex e-con e-parent\" data-id=\"080ec06\" data-element_type=\"container\" data-settings=\"{&quot;background_background&quot;:&quot;classic&quot;,&quot;content_width&quot;:&quot;full&quot;}\" data-core-v316-plus=\"true\">\n\t\t<div class=\"elementor-element elementor-element-57db242 e-con-full e-flex e-con e-child\" data-id=\"57db242\" data-element_type=\"container\" data-settings=\"{&quot;content_width&quot;:&quot;full&quot;}\">\n\t\t\t\t<div class=\"elementor-element elementor-element-42579cd elementor-widget__width-inherit elementor-widget elementor-widget-image\" data-id=\"42579cd\" data-element_type=\"widget\" data-widget_type=\"image.default\">\n\t\t\t\t<div class=\"elementor-widget-container\">\n\t\t\t<style>\/*! elementor - v3.17.0 - 08-11-2023 *\/\n.elementor-widget-image{text-align:center}.elementor-widget-image a{display:inline-block}.elementor-widget-image a img[src$=\".svg\"]{width:48px}.elementor-widget-image img{vertical-align:middle;display:inline-block}<\/style>\t\t\t\t\t\t\t\t\t\t\t\t<img loading=\"lazy\" decoding=\"async\" width=\"362\" height=\"80\" src=\"https:\/\/www.cofabric.at\/wp-content\/uploads\/2022\/12\/cofabric-logo-schwarz.png\" class=\"attachment-large size-large wp-image-54\" alt=\"COFABRIC\" srcset=\"https:\/\/www.cofabric.at\/wp-content\/uploads\/2022\/12\/cofabric-logo-schwarz.png 362w, https:\/\/www.cofabric.at\/wp-content\/uploads\/2022\/12\/cofabric-logo-schwarz-300x66.png 300w\" sizes=\"auto, (max-width: 362px) 100vw, 362px\" \/>\t\t\t\t\t\t\t\t\t\t\t\t\t\t\t<\/div>\n\t\t\t\t<\/div>\n\t\t\t\t<\/div>\n\t\t<div class=\"elementor-element elementor-element-a4d7913 e-con-full e-flex e-con e-child\" data-id=\"a4d7913\" data-element_type=\"container\" data-settings=\"{&quot;content_width&quot;:&quot;full&quot;}\">\n\t\t<div class=\"elementor-element elementor-element-342f9c9 e-con-full e-flex e-con e-child\" data-id=\"342f9c9\" data-element_type=\"container\" data-settings=\"{&quot;content_width&quot;:&quot;full&quot;,&quot;background_background&quot;:&quot;classic&quot;}\">\n\t\t\t\t<div class=\"elementor-element elementor-element-5dd2067 elementor-widget__width-inherit elementor-widget-tablet__width-inherit elementor-widget-mobile__width-inherit elementor-widget elementor-widget-text-editor\" data-id=\"5dd2067\" data-element_type=\"widget\" data-widget_type=\"text-editor.default\">\n\t\t\t\t<div class=\"elementor-widget-container\">\n\t\t\t<style>\/*! elementor - v3.17.0 - 08-11-2023 *\/\n.elementor-widget-text-editor.elementor-drop-cap-view-stacked .elementor-drop-cap{background-color:#69727d;color:#fff}.elementor-widget-text-editor.elementor-drop-cap-view-framed .elementor-drop-cap{color:#69727d;border:3px solid;background-color:transparent}.elementor-widget-text-editor:not(.elementor-drop-cap-view-default) .elementor-drop-cap{margin-top:8px}.elementor-widget-text-editor:not(.elementor-drop-cap-view-default) .elementor-drop-cap-letter{width:1em;height:1em}.elementor-widget-text-editor .elementor-drop-cap{float:left;text-align:center;line-height:1;font-size:50px}.elementor-widget-text-editor .elementor-drop-cap-letter{display:inline-block}<\/style>\t\t\t\t<h1>COFABRIC entwickelt Projekte f\u00fcr Baugruppen und Coliving<\/h1>\n<p>Das umfasst alle Projektphasen:<\/p>\n<ul>\n<li>Grundst\u00fcckssuche und Evaluierung<\/li>\n<li>Management der Baugruppe zur Entscheidungsfindung<\/li>\n<li>Finanzierungskl\u00e4rung<\/li>\n<li>Projektmanagement in der Planung-Bau-Phase<\/li>\n<li>Aufbau der Hausgemeinschaft gem\u00e4\u00df Soziokratie<\/li>\n<\/ul>\t\t\t\t\t\t<\/div>\n\t\t\t\t<\/div>\n\t\t\t\t<div class=\"elementor-element elementor-element-48bc4dc elementor-widget__width-inherit elementor-widget-tablet__width-inherit elementor-widget-mobile__width-inherit elementor-widget elementor-widget-text-editor\" data-id=\"48bc4dc\" data-element_type=\"widget\" data-widget_type=\"text-editor.default\">\n\t\t\t\t<div class=\"elementor-widget-container\">\n\t\t\t\t\t\t\t<h2>Referenzen<\/h2><p><a href=\"https:\/\/goo.gl\/maps\/HM8YAmWwuysJFXm6A\" target=\"_blank\" rel=\"noopener\">JAspern<\/a><br \/>Die erste Baugruppe in der Seestadt, Fertigstellung 2014<\/p><p><a href=\"http:\/\/www.seeparq.at\">SEEPARQ<\/a><br \/>Die erste Baugruppe mit Coworking Space, Fertigstellung 2021<\/p><p><a href=\"http:\/\/www.lakefirst.at\">LAKEFIRST<\/a><br \/>Management vom Coworking Space im Seeparq Haus<\/p>\t\t\t\t\t\t<\/div>\n\t\t\t\t<\/div>\n\t\t\t\t<div class=\"elementor-element elementor-element-6864f60 elementor-widget__width-inherit elementor-widget-tablet__width-inherit elementor-widget-mobile__width-inherit elementor-widget elementor-widget-text-editor\" data-id=\"6864f60\" data-element_type=\"widget\" data-widget_type=\"text-editor.default\">\n\t\t\t\t<div class=\"elementor-widget-container\">\n\t\t\t\t\t\t\t<h2>Gerne mehr pers\u00f6nlich<\/h2><p>Fritz Oettl MSc.<br \/>Mobil:\u00a0<a href=\"tel:0043 660 7042928\" target=\"_blank\" rel=\"noopener\">+43\u00a0660 7042928<\/a><br \/>Email: <a href=\"mailto:office@cofabric.at\">office@cofabric.at<\/a><\/p>\t\t\t\t\t\t<\/div>\n\t\t\t\t<\/div>\n\t\t\t\t<div class=\"elementor-element elementor-element-e86328a elementor-widget__width-inherit elementor-widget-tablet__width-inherit elementor-widget-mobile__width-inherit elementor-widget elementor-widget-text-editor\" data-id=\"e86328a\" data-element_type=\"widget\" data-widget_type=\"text-editor.default\">\n\t\t\t\t<div class=\"elementor-widget-container\">\n\t\t\t\t\t\t\t<h2>Impressum<\/h2><p>COFABRIC GmbH<br \/>Eva-Maria-Mazzucco-Platz 2\/2<br \/>1220 Wien<br \/>FN 388211 z HG\u00a0<\/p>\t\t\t\t\t\t<\/div>\n\t\t\t\t<\/div>\n\t\t<div class=\"elementor-element elementor-element-e5df320 e-con-full elementor-hidden-mobile e-flex e-con e-child\" data-id=\"e5df320\" data-element_type=\"container\" data-settings=\"{&quot;content_width&quot;:&quot;full&quot;,&quot;background_background&quot;:&quot;classic&quot;,&quot;position&quot;:&quot;fixed&quot;}\">\n\t\t\t\t<div class=\"elementor-element elementor-element-ce7b7d3 elementor-widget__width-inherit elementor-widget-tablet__width-inherit elementor-widget-mobile__width-inherit elementor-widget elementor-widget-text-editor\" data-id=\"ce7b7d3\" data-element_type=\"widget\" data-widget_type=\"text-editor.default\">\n\t\t\t\t<div class=\"elementor-widget-container\">\n\t\t\t\t\t\t\t<p>Foto: Markus Kaiser<\/p>\t\t\t\t\t\t<\/div>\n\t\t\t\t<\/div>\n\t\t\t\t<\/div>\n\t\t<div class=\"elementor-element elementor-element-9a4b02b e-con-full elementor-hidden-desktop elementor-hidden-tablet e-flex e-con e-child\" data-id=\"9a4b02b\" data-element_type=\"container\" data-settings=\"{&quot;content_width&quot;:&quot;full&quot;,&quot;background_background&quot;:&quot;classic&quot;}\">\n\t\t\t\t<div class=\"elementor-element elementor-element-726c227 elementor-widget__width-inherit elementor-widget-tablet__width-inherit elementor-widget-mobile__width-inherit elementor-widget elementor-widget-text-editor\" data-id=\"726c227\" data-element_type=\"widget\" data-widget_type=\"text-editor.default\">\n\t\t\t\t<div class=\"elementor-widget-container\">\n\t\t\t\t\t\t\t<p>Foto: Markus Kaiser<\/p>\t\t\t\t\t\t<\/div>\n\t\t\t\t<\/div>\n\t\t\t\t<\/div>\n\t\t\t\t<\/div>\n\t\t\t\t<\/div>\n\t\t\t\t<\/div>\n\t\t\t\t\t\t\t<\/div>\n\t\t","protected":false},"excerpt":{"rendered":"<p>COFABRIC entwickelt Projekte f\u00fcr Baugruppen und Coliving Das umfasst alle Projektphasen: Grundst\u00fcckssuche und Evaluierung Management der Baugruppe zur Entscheidungsfindung Finanzierungskl\u00e4rung Projektmanagement in der Planung-Bau-Phase Aufbau der Hausgemeinschaft gem\u00e4\u00df Soziokratie Referenzen JAspernDie erste Baugruppe in der Seestadt, Fertigstellung 2014 SEEPARQDie erste Baugruppe mit Coworking Space, Fertigstellung 2021 LAKEFIRSTManagement vom Coworking Space im Seeparq Haus Gerne mehr [&hellip;]<\/p>\n","protected":false},"author":1,"featured_media":0,"parent":0,"menu_order":0,"comment_status":"closed","ping_status":"closed","template":"elementor_header_footer","meta":{"footnotes":""},"class_list":["post-8","page","type-page","status-publish","hentry"],"_links":{"self":[{"href":"https:\/\/www.cofabric.at\/index.php?rest_route=\/wp\/v2\/pages\/8","targetHints":{"allow":["GET"]}}],"collection":[{"href":"https:\/\/www.cofabric.at\/index.php?rest_route=\/wp\/v2\/pages"}],"about":[{"href":"https:\/\/www.cofabric.at\/index.php?rest_route=\/wp\/v2\/types\/page"}],"author":[{"embeddable":true,"href":"https:\/\/www.cofabric.at\/index.php?rest_route=\/wp\/v2\/users\/1"}],"replies":[{"embeddable":true,"href":"https:\/\/www.cofabric.at\/index.php?rest_route=%2Fwp%2Fv2%2Fcomments&post=8"}],"version-history":[{"count":173,"href":"https:\/\/www.cofabric.at\/index.php?rest_route=\/wp\/v2\/pages\/8\/revisions"}],"predecessor-version":[{"id":211,"href":"https:\/\/www.cofabric.at\/index.php?rest_route=\/wp\/v2\/pages\/8\/revisions\/211"}],"wp:attachment":[{"href":"https:\/\/www.cofabric.at\/index.php?rest_route=%2Fwp%2Fv2%2Fmedia&parent=8"}],"curies":[{"name":"wp","href":"https:\/\/api.w.org\/{rel}","templated":true}]}}